{"id":14,"date":"2015-08-07T18:48:46","date_gmt":"2015-08-07T22:48:46","guid":{"rendered":"https:\/\/rolanddick2015.com\/?page_id=14"},"modified":"2019-09-25T09:38:44","modified_gmt":"2019-09-25T13:38:44","slug":"acceuil","status":"publish","type":"page","link":"https:\/\/greatermontrealforum.org\/fr\/","title":{"rendered":"Acceuil"},"content":{"rendered":"<p><img loading=\"lazy\" src=\"\/wp-content\/uploads\/GMF-Montreal.jpg\" alt=\"\" width=\"1200\" height=\"400\" class=\"alignnone size-full wp-image-1059\" srcset=\"https:\/\/greatermontrealforum.org\/wp-content\/uploads\/GMF-Montreal.jpg 1200w, https:\/\/greatermontrealforum.org\/wp-content\/uploads\/GMF-Montreal-300x100.jpg 300w, https:\/\/greatermontrealforum.org\/wp-content\/uploads\/GMF-Montreal-768x256.jpg 768w, https:\/\/greatermontrealforum.org\/wp-content\/uploads\/GMF-Montreal-1024x341.jpg 1024w, https:\/\/greatermontrealforum.org\/wp-content\/uploads\/GMF-Montreal-250x83.jpg 250w\" sizes=\"(max-width: 1200px) 100vw, 1200px\" \/><br \/>\n<div class=\"su-row\">\n<div class=\"su-column su-column-size-1-2\"><div class=\"su-column-inner su-u-clearfix su-u-trim\">\n<h2>En savoir plus<\/h2>\n<div><a href=\"\/fr\/membres\" class=\"su-button su-button-style-flat su-button-wide\" style=\"color:#FFFFFF;background-color:#005582;border-color:#004468;border-radius:10px;-moz-border-radius:10px;-webkit-border-radius:10px\" target=\"_self\" title=\"submit\"><span style=\"color:#FFFFFF;padding:0px 34px;font-size:25px;line-height:50px;border-color:#4d88a8;border-radius:10px;-moz-border-radius:10px;-webkit-border-radius:10px;text-shadow:none;-moz-text-shadow:none;-webkit-text-shadow:none\"> Membres du comit\u00e9 pl\u00e9nier<\/span><\/a><\/div>\n<p><\/p>\n<div><a href=\"\/fr\/faq\" class=\"su-button su-button-style-flat su-button-wide\" style=\"color:#FFFFFF;background-color:#005582;border-color:#004468;border-radius:10px;-moz-border-radius:10px;-webkit-border-radius:10px\" target=\"_self\" title=\"submit\"><span style=\"color:#FFFFFF;padding:0px 34px;font-size:25px;line-height:50px;border-color:#4d88a8;border-radius:10px;-moz-border-radius:10px;-webkit-border-radius:10px;text-shadow:none;-moz-text-shadow:none;-webkit-text-shadow:none\"> Foire aux questions<\/span><\/a><\/div>\n<p>\n<\/div><\/div>\n<div class=\"su-column su-column-size-1-2\"><div class=\"su-column-inner su-u-clearfix su-u-trim\">\n<h2>Le r\u00f4le du GMF<\/h2>\n<p>Fond\u00e9 en ao\u00fbt 2019, le Forum du Grand Montr\u00e9al (GMF) est une association \u00e0 but non lucratif qui se consacre \u00e0 servir et \u00e0 soutenir la communaut\u00e9 d&rsquo;expression anglaise dans la grande r\u00e9gion de Montr\u00e9al.<br \/>\n<\/div><\/div>\n<\/div>","protected":false},"excerpt":{"rendered":"","protected":false},"author":1,"featured_media":0,"parent":0,"menu_order":0,"comment_status":"closed","ping_status":"closed","template":"template-page-fullwidth.php","meta":[],"_links":{"self":[{"href":"https:\/\/greatermontrealforum.org\/fr\/wp-json\/wp\/v2\/pages\/14"}],"collection":[{"href":"https:\/\/greatermontrealforum.org\/fr\/wp-json\/wp\/v2\/pages"}],"about":[{"href":"https:\/\/greatermontrealforum.org\/fr\/wp-json\/wp\/v2\/types\/page"}],"author":[{"embeddable":true,"href":"https:\/\/greatermontrealforum.org\/fr\/wp-json\/wp\/v2\/users\/1"}],"replies":[{"embeddable":true,"href":"https:\/\/greatermontrealforum.org\/fr\/wp-json\/wp\/v2\/comments?post=14"}],"version-history":[{"count":5,"href":"https:\/\/greatermontrealforum.org\/fr\/wp-json\/wp\/v2\/pages\/14\/revisions"}],"predecessor-version":[{"id":1071,"href":"https:\/\/greatermontrealforum.org\/fr\/wp-json\/wp\/v2\/pages\/14\/revisions\/1071"}],"wp:attachment":[{"href":"https:\/\/greatermontrealforum.org\/fr\/wp-json\/wp\/v2\/media?parent=14"}],"curies":[{"name":"wp","href":"https:\/\/api.w.org\/{rel}","templated":true}]}}