{"id":1036,"date":"2019-09-25T00:24:56","date_gmt":"2019-09-25T04:24:56","guid":{"rendered":"http:\/\/greatermontrealforum.org\/?page_id=1036"},"modified":"2019-09-25T01:02:03","modified_gmt":"2019-09-25T05:02:03","slug":"faq","status":"publish","type":"page","link":"https:\/\/greatermontrealforum.org\/fr\/faq\/","title":{"rendered":"Foire aux questions"},"content":{"rendered":"<p><strong>Qu&rsquo;est-ce que le Greater Montreal Forum?<\/strong><\/p>\n<p>Le GMF est un forum sans but lucratif.  Il est dirig\u00e9 par des b\u00e9n\u00e9voles qui se consacrent \u00e0 servir et \u00e0 soutenir la communaut\u00e9 d&rsquo;expression anglophone et \u00e0 promouvoir sa vitalit\u00e9 dans la r\u00e9gion m\u00e9tropolitaine de Montr\u00e9al.<\/p>\n<p><strong>Quels sont les r\u00e9gions desservies?<\/strong><\/p>\n<p>Le GMF  dessert la grande r\u00e9gion de Montr\u00e9al, c.\u00e0.d. la r\u00e9gion couverte par le recensement de Montr\u00e9al, comprenant les indicatifs t\u00e9l\u00e9phoniques r\u00e9gionaux 438, 450, 514, 579 et les codes postaux commen\u00e7ant par H et J.<\/p>\n<p><strong>Quels sont les objectifs du GMF?<\/strong><\/p>\n<p>Nos  activit\u00e9s touchent pratiquement tous les aspects de la vie en communaut\u00e9, en particulier la sant\u00e9, l&rsquo;\u00e9ducation, et la langue. .<\/p>\n<p><strong>D&rsquo;o\u00f9 vient le soutien pour le GMF?<\/strong><\/p>\n<p>Pour le moment, nous recevons des fonds priv\u00e9s. <\/p>\n<p><strong>Je veux aider<\/strong><\/p>\n<p>Devenir membre, faire partie d&rsquo;un comit\u00e9, faire du b\u00e9n\u00e9volat pour un projet ou une activit\u00e9, et faire entendre sa voix! <\/p>\n<p>Faites-nous savoir ce qui se passe dans votre vie en tant que personne d&rsquo;expression anglaise dans la grande r\u00e9gion de Montr\u00e9al. Votre engagement est ce qui fait du Forum du Grand Montr\u00e9al une voix cr\u00e9dible pour notre communaut\u00e9.<\/p>","protected":false},"excerpt":{"rendered":"<p>Qu&rsquo;est-ce que le Greater Montreal Forum? Le GMF est un forum sans but lucratif. Il est dirig\u00e9 par des b\u00e9n\u00e9voles qui se consacrent \u00e0 servir et \u00e0 soutenir la communaut\u00e9 d&rsquo;expression anglophone et \u00e0 promouvoir sa vitalit\u00e9 dans la r\u00e9gion m\u00e9tropolitaine de Montr\u00e9al. Quels sont les r\u00e9gions desservies? Le GMF dessert la grande r\u00e9gion de [&hellip;]<\/p>\n","protected":false},"author":1,"featured_media":0,"parent":0,"menu_order":0,"comment_status":"closed","ping_status":"closed","template":"","meta":[],"_links":{"self":[{"href":"https:\/\/greatermontrealforum.org\/fr\/wp-json\/wp\/v2\/pages\/1036"}],"collection":[{"href":"https:\/\/greatermontrealforum.org\/fr\/wp-json\/wp\/v2\/pages"}],"about":[{"href":"https:\/\/greatermontrealforum.org\/fr\/wp-json\/wp\/v2\/types\/page"}],"author":[{"embeddable":true,"href":"https:\/\/greatermontrealforum.org\/fr\/wp-json\/wp\/v2\/users\/1"}],"replies":[{"embeddable":true,"href":"https:\/\/greatermontrealforum.org\/fr\/wp-json\/wp\/v2\/comments?post=1036"}],"version-history":[{"count":3,"href":"https:\/\/greatermontrealforum.org\/fr\/wp-json\/wp\/v2\/pages\/1036\/revisions"}],"predecessor-version":[{"id":1058,"href":"https:\/\/greatermontrealforum.org\/fr\/wp-json\/wp\/v2\/pages\/1036\/revisions\/1058"}],"wp:attachment":[{"href":"https:\/\/greatermontrealforum.org\/fr\/wp-json\/wp\/v2\/media?parent=1036"}],"curies":[{"name":"wp","href":"https:\/\/api.w.org\/{rel}","templated":true}]}}