{"id":1034,"date":"2019-09-25T00:23:36","date_gmt":"2019-09-25T04:23:36","guid":{"rendered":"http:\/\/greatermontrealforum.org\/?page_id=1034"},"modified":"2021-02-14T17:22:07","modified_gmt":"2021-02-14T22:22:07","slug":"membres","status":"publish","type":"page","link":"https:\/\/greatermontrealforum.org\/fr\/membres\/","title":{"rendered":"Membres du comit\u00e9 pl\u00e9nier"},"content":{"rendered":"<p>Suite \u00e0 la r\u00e9union du mois de f\u00e9vrier, le comit\u00e9 pl\u00e9nier a \u00e9t\u00e9 dissout.<\/p>\n<p>Une annonce avec plus de d\u00e9tails suivra bient\u00f4t.<\/p>","protected":false},"excerpt":{"rendered":"<p>Suite \u00e0 la r\u00e9union du mois de f\u00e9vrier, le comit\u00e9 pl\u00e9nier a \u00e9t\u00e9 dissout. Une annonce avec plus de d\u00e9tails suivra bient\u00f4t.<\/p>\n","protected":false},"author":1,"featured_media":0,"parent":0,"menu_order":0,"comment_status":"closed","ping_status":"closed","template":"","meta":[],"_links":{"self":[{"href":"https:\/\/greatermontrealforum.org\/fr\/wp-json\/wp\/v2\/pages\/1034"}],"collection":[{"href":"https:\/\/greatermontrealforum.org\/fr\/wp-json\/wp\/v2\/pages"}],"about":[{"href":"https:\/\/greatermontrealforum.org\/fr\/wp-json\/wp\/v2\/types\/page"}],"author":[{"embeddable":true,"href":"https:\/\/greatermontrealforum.org\/fr\/wp-json\/wp\/v2\/users\/1"}],"replies":[{"embeddable":true,"href":"https:\/\/greatermontrealforum.org\/fr\/wp-json\/wp\/v2\/comments?post=1034"}],"version-history":[{"count":5,"href":"https:\/\/greatermontrealforum.org\/fr\/wp-json\/wp\/v2\/pages\/1034\/revisions"}],"predecessor-version":[{"id":1122,"href":"https:\/\/greatermontrealforum.org\/fr\/wp-json\/wp\/v2\/pages\/1034\/revisions\/1122"}],"wp:attachment":[{"href":"https:\/\/greatermontrealforum.org\/fr\/wp-json\/wp\/v2\/media?parent=1034"}],"curies":[{"name":"wp","href":"https:\/\/api.w.org\/{rel}","templated":true}]}}